{"id":32,"date":"2026-03-09T12:24:08","date_gmt":"2026-03-09T15:24:08","guid":{"rendered":"https:\/\/elojoquearde.com.ar\/?page_id=32"},"modified":"2026-03-09T12:24:09","modified_gmt":"2026-03-09T15:24:09","slug":"staff","status":"publish","type":"page","link":"https:\/\/elojoquearde.com.ar\/?page_id=32","title":{"rendered":"Staff"},"content":{"rendered":"\n<p>Director:<br>Nombre Apellido<\/p>\n\n\n\n<p>Redacci\u00f3n:<br>Nombre Apellido<br>Nombre Apellido<\/p>\n\n\n\n<p>Producci\u00f3n:<br>Nombre Apellido<\/p>\n\n\n\n<p>Fotograf\u00eda:<br>Nombre Apellido<\/p>\n\n\n\n<p><\/p>\n","protected":false},"excerpt":{"rendered":"<p>Director:Nombre Apellido Redacci\u00f3n:Nombre ApellidoNombre Apellido Producci\u00f3n:Nombre Apellido Fotograf\u00eda:Nombre Apellido<\/p>\n","protected":false},"author":1,"featured_media":0,"parent":0,"menu_order":0,"comment_status":"closed","ping_status":"closed","template":"","meta":{"colormag_page_container_layout":"default_layout","colormag_page_sidebar_layout":"default_layout","footnotes":""},"class_list":["post-32","page","type-page","status-publish","hentry"],"_links":{"self":[{"href":"https:\/\/elojoquearde.com.ar\/index.php?rest_route=\/wp\/v2\/pages\/32","targetHints":{"allow":["GET"]}}],"collection":[{"href":"https:\/\/elojoquearde.com.ar\/index.php?rest_route=\/wp\/v2\/pages"}],"about":[{"href":"https:\/\/elojoquearde.com.ar\/index.php?rest_route=\/wp\/v2\/types\/page"}],"author":[{"embeddable":true,"href":"https:\/\/elojoquearde.com.ar\/index.php?rest_route=\/wp\/v2\/users\/1"}],"replies":[{"embeddable":true,"href":"https:\/\/elojoquearde.com.ar\/index.php?rest_route=%2Fwp%2Fv2%2Fcomments&post=32"}],"version-history":[{"count":1,"href":"https:\/\/elojoquearde.com.ar\/index.php?rest_route=\/wp\/v2\/pages\/32\/revisions"}],"predecessor-version":[{"id":33,"href":"https:\/\/elojoquearde.com.ar\/index.php?rest_route=\/wp\/v2\/pages\/32\/revisions\/33"}],"wp:attachment":[{"href":"https:\/\/elojoquearde.com.ar\/index.php?rest_route=%2Fwp%2Fv2%2Fmedia&parent=32"}],"curies":[{"name":"wp","href":"https:\/\/api.w.org\/{rel}","templated":true}]}}